{"id":48223,"date":"2021-07-16T11:27:16","date_gmt":"2021-07-16T09:27:16","guid":{"rendered":"https:\/\/technisem.com\/politique-de-confidentialite\/"},"modified":"2026-03-05T14:08:58","modified_gmt":"2026-03-05T13:08:58","slug":"politique-de-confidentialite","status":"publish","type":"page","link":"https:\/\/technisem.com\/en\/politique-de-confidentialite\/","title":{"rendered":"Politique de confidentialit\u00e9"},"content":{"rendered":"\n<h2 class=\"wp-block-heading\"><strong><u>Mentions l\u00e9gales<\/u><\/strong><\/h2>\n\n\n\n<p>Le site internet technisem.com est la propri\u00e9t\u00e9 et \u00e9dit\u00e9 par&nbsp;:<\/p>\n\n\n\n<p>La soci\u00e9t\u00e9 TECHNISEM SAS, au capital de 150&nbsp;000 euros, situ\u00e9e \u00e0 la Zone Anjou Actiparc de Jumelles 49160 \u2013 Longu\u00e9-Jumelles \u2013 France, immatriculation n\u00b0 332&nbsp;250&nbsp;836 du RCS d\u2019Angers <strong>&nbsp;<\/strong><\/p>\n\n\n\n<p>N\u00b0 SIREN :&nbsp;332&nbsp;250&nbsp;836<\/p>\n\n\n\n<p>Num\u00e9ro de TVA : FR17 332250836<\/p>\n\n\n\n<p>Tel : +33 (0)2 41 38 39 39<\/p>\n\n\n\n<p>Directeur de la publication : Ronan GORIN<\/p>\n\n\n\n<h2 class=\"wp-block-heading\"><strong>Conception du site internet et d\u00e9veloppement :<\/strong><\/h2>\n\n\n\n<p>L\u2019Agence Welko situ\u00e9e \u00e0 9, rue Vaucanson &#8211; 49100 &#8211; Angers &#8211; contact@welko.fr \u2013 0241487578 s\u2019est charg\u00e9e de la conception du site.<\/p>\n\n\n\n<p><strong>H\u00e9bergeur<\/strong> :<\/p>\n\n\n\n<p>Infomaniak &#8211; 26, avenue de la Praille &#8211; 1227 &#8211; Carouge \/ Gen\u00e8ve SUISSE &nbsp;<\/p>\n\n\n\n<p>Tel : +41228203544<\/p>\n\n\n\n<h2 class=\"wp-block-heading\"><strong>Charte d\u2019utilisation des cookies<\/strong><\/h2>\n\n\n\n<p><strong class=\"privacy-policy-tutorial\"><\/strong><\/p>\n\n\n\n<p>La soci\u00e9t\u00e9 TECHNISEM SAS est responsable du traitement de vos donn\u00e9es personnelles.<\/p>\n\n\n\n<p>Lors de la consultation de notre site internet www.technisem.com, des cookies sont d\u00e9pos\u00e9s sur terminal de connexion. Qu\u2019il s\u2019agisse de votre ordinateur, votre mobile ou votre tablette. Dans les lignes suivantes, nous vous expliquerons le fonctionnement des cookies, leurs finalit\u00e9s, leur utilit\u00e9 leur dur\u00e9e de conservation.et comment utiliser les outils actuels afin de les param\u00e9trer.<\/p>\n\n\n\n<h2 class=\"wp-block-heading\"><strong>Qu\u2019est-ce qu\u2019un cookie ?<\/strong><\/h2>\n\n\n\n<p>Un cookie est un fichier texte d\u00e9pos\u00e9 sur votre ordinateur lors de la visite d\u2019un site ou de la consultation d\u2019une publicit\u00e9. Il a notamment pour but de collecter des informations relatives \u00e0 votre navigation sur le site.<\/p>\n\n\n\n<p>Les cookies ne vous identifient pas personnellement, mais uniquement le navigateur de votre terminal de connexion.<\/p>\n\n\n\n<p><strong>Quels sont les cookies collect\u00e9s par le site technisem.com ?<\/strong><\/p>\n\n\n\n<p>Les cookies utilis\u00e9s sont li\u00e9s \u00e0 l&#8217;analyse des donn\u00e9es analytics de l\u2019utilisateur ainsi que des cookies de performances et de s\u00e9curit\u00e9.<\/p>\n\n\n\n<p><strong>Quand sont-ils collect\u00e9s&nbsp;?<\/strong><\/p>\n\n\n\n<p>La collecte des cookies est soumise \u00e0 une acceptation pr\u00e9alable de votre part. Ils sont d\u00e9pos\u00e9s sur votre terminal lors de votre premi\u00e8re connexion sur le site technisem.com.<\/p>\n\n\n\n<p><strong>Pour quelle dur\u00e9e&nbsp;?<\/strong><\/p>\n\n\n\n<p>Les cookies collect\u00e9s sont conserv\u00e9s pour une dur\u00e9e de 13 mois.<\/p>\n\n\n\n<h2 class=\"wp-block-heading\"><strong>Accepter ou refuser les cookies<\/strong><\/h2>\n\n\n\n<p>Lors de la premi\u00e8re connexion sur le site internet technisem.com, vous \u00eates inform\u00e9s du d\u00e9p\u00f4t de Cookies sur votre terminal de connexion. En cliquant sur le bouton accepter figurant sur le bandeau d\u2019information, vous acceptez que les cookies soient d\u00e9pos\u00e9s sur votre terminal de connexion. Les cookies et traceurs int\u00e9gr\u00e9s (google analytics) dans les pages sont stock\u00e9s temporairement dans un espace d\u00e9di\u00e9 de votre terminal. Ils y seront lisibles uniquement par l\u2019\u00e9metteur des dits Cookies.<\/p>\n\n\n\n<h2 class=\"wp-block-heading\"><strong>Configuration du navigateur<\/strong><\/h2>\n\n\n\n<p>Vous avez la possibilit\u00e9 de configurer votre navigateur de mani\u00e8re \u00e0 ce que les cookies soient rejet\u00e9s syst\u00e9matiquement ou non.<\/p>\n\n\n\n<p>Une fois connect\u00e9, vous pouvez configurer votre navigateur de mani\u00e8re \u00e0 ce que les Cookies soient rejet\u00e9s, soit syst\u00e9matiquement, soit selon leur \u00e9metteur. Vous pouvez \u00e9galement le configurer de mani\u00e8re \u00e0 ce que votre acceptation ou votre refus des Cookies vous soit propos\u00e9 ponctuellement, avant qu\u2019un Cookie ne soit susceptible d\u2019\u00eatre enregistr\u00e9 dans votre terminal. Pour la gestion des Cookies et de vos choix, la configuration de chaque navigateur est diff\u00e9rente. Elle est d\u00e9crite dans le menu d\u2019aide du navigateur, qui permettra de savoir de quelle mani\u00e8re modifier vos souhaits en mati\u00e8re de Cookies.<\/p>\n\n\n\n<p><\/p>\n\n\n\n<h2 class=\"wp-block-heading\"><strong><u>Politique de protection des donn\u00e9es personnelles<\/u><\/strong><\/h2>\n\n\n\n<figure class=\"wp-block-table aligncenter is-style-stripes\"><table><tbody><tr><td class=\"has-text-align-center\" data-align=\"center\"><strong>Moment de collecte<\/strong><\/td><td class=\"has-text-align-center\" data-align=\"center\"><strong>Donn\u00e9es personnelles trait\u00e9es<\/strong><\/td><td class=\"has-text-align-center\" data-align=\"center\"><strong>Finalit\u00e9 de la collecte<\/strong><\/td><td class=\"has-text-align-center\" data-align=\"center\"><strong>Base l\u00e9gale de la collecte<\/strong><\/td><td class=\"has-text-align-center\" data-align=\"center\"><strong>Destinataire des donn\u00e9es collect\u00e9es<\/strong><\/td><td class=\"has-text-align-center\" data-align=\"center\"><strong>Dur\u00e9e de conservation des donn\u00e9es personnelles<\/strong><\/td><\/tr><tr><td class=\"has-text-align-center\" data-align=\"center\">Formulaire de contact (sous l\u2019onglet \u00ab Contact \u00bb<\/td><td class=\"has-text-align-center\" data-align=\"center\">Nom, pr\u00e9nom ; Adresse mail ; N\u00b0 de t\u00e9l\u00e9phone<\/td><td class=\"has-text-align-center\" data-align=\"center\">Les donn\u00e9es personnelles collect\u00e9es ici permettent d\u2019identifier l\u2019Utilisateur et d\u2019assurer le traitement optimal de la demande<\/td><td class=\"has-text-align-center\" data-align=\"center\">Int\u00e9r\u00eat l\u00e9gitime<\/td><td class=\"has-text-align-center\" data-align=\"center\">Service Communication Technisem<\/td><td class=\"has-text-align-center\" data-align=\"center\">12 mois<\/td><\/tr><tr><td class=\"has-text-align-center\" data-align=\"center\">Formulaire de candidature<\/td><td class=\"has-text-align-center\" data-align=\"center\">Nom, pr\u00e9nom, Adresse, Num\u00e9ro de t\u00e9l\u00e9phone et CV<\/td><td class=\"has-text-align-center\" data-align=\"center\">L\u2019identification du candidat et le traitement de sa candidature par le service ressources humaines de TECHNISEM<\/td><td class=\"has-text-align-center\" data-align=\"center\">Int\u00e9r\u00eat l\u00e9gitime<\/td><td class=\"has-text-align-center\" data-align=\"center\">Service ressources humaines de TECHNISEM<\/td><td class=\"has-text-align-center\" data-align=\"center\">13 mois<\/td><\/tr><\/tbody><\/table><\/figure>\n\n\n\n<h2 class=\"wp-block-heading\">Qu&#8217;est-ce qu&#8217;une donn\u00e9e personelle ?<\/h2>\n\n\n\n<p>D\u2019apr\u00e8s l\u2019article 4 du RGPD, une donn\u00e9e personnelle est toute information se rapportant \u00e0 une personne physique identifi\u00e9e ou identifiable. &nbsp;<\/p>\n\n\n\n<p>TECHNISEM n\u2019a pas vocation \u00e0 collecter vos donn\u00e9es personnelles. Vos donn\u00e9es personnelles ne sont collect\u00e9es que lors de l\u2019utilisation de certains services pr\u00e9sents sur le site.<\/p>\n\n\n\n<p>Vous trouverez donc ci-dessous, le tableau r\u00e9capitulant le d\u00e9tail, le moment de collecte de vos donn\u00e9es personnelles, la finalit\u00e9, la base l\u00e9gale et la dur\u00e9e de leur conservation au sein de nos services.<\/p>\n\n\n\n<h2 class=\"wp-block-heading\"><strong>Qui assure le traitement de vos donn\u00e9es&nbsp;?<\/strong><\/h2>\n\n\n\n<p>La soci\u00e9t\u00e9 TECHNISEM SAS, est seule responsable du traitement de vos donn\u00e9es personnelles. Seuls les services cit\u00e9s dans le tableau ci-dessus sont habilit\u00e9s \u00e0 traiter vos donn\u00e9es pour r\u00e9aliser les finalit\u00e9s y aff\u00e9rentes.<\/p>\n\n\n\n<p>Les donn\u00e9es collect\u00e9es sont h\u00e9berg\u00e9es par la soci\u00e9t\u00e9 <strong>INFOMANIAK <\/strong>situ\u00e9e au 26, avenue de la Praille &#8211; 1227 &#8211; Carouge \/ Gen\u00e8ve Suisse.<\/p>\n\n\n\n<p><strong>Quels sont les droits de l\u2019utilisateur \u00e0 l\u2019\u00e9gard de ses donn\u00e9es personnelles&nbsp;?<\/strong><\/p>\n\n\n\n<p>Conform\u00e9ment \u00e0 la loi informatique et libert\u00e9 n\u00b078\/17 du 6 janvier 1978 modifi\u00e9e par la loi n\u00b0 2018-493 du 20 juin 2018, en tant qu\u2019utilisateur, vous disposez des droits suivants sur vos donn\u00e9es personnelles&nbsp;:<\/p>\n\n\n\n<ul class=\"wp-block-list\">\n<li><strong>Le droit d\u2019acc\u00e8s :<\/strong> Vous avez le droit d\u2019acc\u00e9der \u00e0 vos donn\u00e9es personnelles apr\u00e8s une requ\u00eate adress\u00e9e \u00e0 nos services. Vous pourrez gr\u00e2ce \u00e0 ce droit, obtenir une copie de l\u2019ensemble de vos donn\u00e9es personnelles stock\u00e9es dans nos serveurs ;<\/li>\n\n\n\n<li><strong>Le droit \u00e0 la rectification :<\/strong> Vous pouvez requ\u00e9rir et obtenir la modification de vos donn\u00e9es personnelles en notre possession. Il peut s\u2019agir d\u2019un changement d\u2019\u00e9tat civil, de bo\u00eete postale, adresse mail etc. ;<\/li>\n\n\n\n<li><strong>Le droit \u00e0 l\u2019effacement :<\/strong> Le droit pour vous de requ\u00e9rir et d\u2019obtenir la suppression de vos donn\u00e9es personnelles en notre possession;<\/li>\n\n\n\n<li><strong>Le droit \u00e0 la limitation du traitement :<\/strong> Le droit de limiter l\u2019usage de vos donn\u00e9es personnelles conform\u00e9ment aux hypoth\u00e8ses pr\u00e9vues par le RGPD ;<\/li>\n\n\n\n<li><strong>Le droit d\u2019opposition :<\/strong> Le droit pour l\u2019utilisateur de s\u2019opposer au traitement des donn\u00e9es personnelles lui appartenant collect\u00e9es par nos services ;<\/li>\n\n\n\n<li><strong>Le droit \u00e0 la portabilit\u00e9\u0301:<\/strong> la facult\u00e9\u0301 pour vous de requ\u00e9rir et d\u2019obtenir la transmission de l\u2019ensemble de ses donn\u00e9es personnelles \u00e0 une autre plateforme. Il faut toutefois souligner ici que seules les donn\u00e9es dont la base l\u00e9gale est le consentement sont concern\u00e9es par ce droit. &nbsp;<\/li>\n<\/ul>\n\n\n\n<p>Pour l\u2019exercice de ses droits, l\u2019utilisateur peut nous \u00e9crire \u00e0 communication{at}technisem.com.<\/p>\n\n\n\n<p>Non satisfait des suites donn\u00e9es par nos services, vous pouvez \u00e9galement d\u00e9poser une plainte \u00e0 la CNIL \u00e0 l\u2019adresse <a href=\"https:\/\/www.cnil.fr\/fr\/plaintes\" target=\"_blank\" rel=\"noopener\">https:\/\/www.cnil.fr\/fr\/plaintes<\/a> ou par courrier postal \u00e0 CNIL &#8211; Service des Plaintes &#8211; 3 Place de Fontenoy &#8211; TSA 80715 &#8211; 75334 PARIS CEDEX 07<\/p>\n\n\n\n<h2 class=\"wp-block-heading\">INDEX D&#8217;\u00c9GALIT\u00c9 PROFESSIONNELLE 2025<\/h2>\n\n\n\n<p>Depuis 2023 Technisem fait partie d\u2019une UES,\u00a0les effectifs pris en compte pour le calcul de l\u2019index sont donc bien plus importants. Les chiffres sont plus parlants que les ann\u00e9es pr\u00e9c\u00e9dentes et refl\u00e8tent mieux la r\u00e9alit\u00e9.<a href=\"https:\/\/technisem.com\/wp-content\/uploads\/2026\/03\/index-rh-2025.pdf\">CLIQUEZ ICI <\/a><\/p>\n\n\n\n<p><\/p>\n<p>Views: 1845<\/p>","protected":false},"excerpt":{"rendered":"<p>Mentions l\u00e9gales Le site internet technisem.com est la propri\u00e9t\u00e9 et \u00e9dit\u00e9 par&nbsp;: La soci\u00e9t\u00e9 TECHNISEM SAS, au capital de 150&nbsp;000 euros, situ\u00e9e \u00e0 la Zone Anjou Actiparc de Jumelles 49160 \u2013 Longu\u00e9-Jumelles \u2013 France, immatriculation n\u00b0 332&nbsp;250&nbsp;836 du RCS d\u2019Angers &nbsp; N\u00b0 SIREN :&nbsp;332&nbsp;250&nbsp;836 Num\u00e9ro de TVA : FR17 332250836 Tel : +33 (0)2 41 [&hellip;]<\/p>\n","protected":false},"author":1,"featured_media":0,"parent":0,"menu_order":67,"comment_status":"closed","ping_status":"closed","template":"","meta":{"_acf_changed":false,"footnotes":""},"class_list":["post-48223","page","type-page","status-publish","hentry"],"acf":[],"_links":{"self":[{"href":"https:\/\/technisem.com\/en\/wp-json\/wp\/v2\/pages\/48223","targetHints":{"allow":["GET"]}}],"collection":[{"href":"https:\/\/technisem.com\/en\/wp-json\/wp\/v2\/pages"}],"about":[{"href":"https:\/\/technisem.com\/en\/wp-json\/wp\/v2\/types\/page"}],"author":[{"embeddable":true,"href":"https:\/\/technisem.com\/en\/wp-json\/wp\/v2\/users\/1"}],"replies":[{"embeddable":true,"href":"https:\/\/technisem.com\/en\/wp-json\/wp\/v2\/comments?post=48223"}],"version-history":[{"count":5,"href":"https:\/\/technisem.com\/en\/wp-json\/wp\/v2\/pages\/48223\/revisions"}],"predecessor-version":[{"id":55468,"href":"https:\/\/technisem.com\/en\/wp-json\/wp\/v2\/pages\/48223\/revisions\/55468"}],"wp:attachment":[{"href":"https:\/\/technisem.com\/en\/wp-json\/wp\/v2\/media?parent=48223"}],"curies":[{"name":"wp","href":"https:\/\/api.w.org\/{rel}","templated":true}]}}